{"id":18,"date":"2020-04-04T14:48:26","date_gmt":"2020-04-04T12:48:26","guid":{"rendered":"https:\/\/legox.com\/?page_id=18"},"modified":"2020-04-04T14:52:15","modified_gmt":"2020-04-04T12:52:15","slug":"desarrollo-de-apps-movil","status":"publish","type":"page","link":"http:\/\/www.legox.com\/es\/desarrollo-de-apps-movil\/","title":{"rendered":"Desarrollo de Apps m\u00f3vil"},"content":{"rendered":"\n<p>El <strong>desarrollo y dise\u00f1o de aplicaciones<\/strong> <strong>m\u00f3viles<\/strong> es una tendencia que va en crecimiento, Google Play cuenta\nen la actualidad con m\u00e1s de 1,6 millones de aplicaciones m\u00f3viles, y a diario se\nincorporan nuevas aplicaciones.<\/p>\n\n\n\n<p>Las aplicaciones son variadas y\nabarcan diferentes campos, las m\u00e1s descargadas son las mensajer\u00edas\ninstant\u00e1neas, redes sociales, m\u00fasica, pel\u00edculas y series, juegos, moda,\nalimentaci\u00f3n y entrenamiento f\u00edsico. El objetivo de una aplicaci\u00f3n es facilitar\nla vida de los usuarios, est\u00e1n dirigidas por sectores y p\u00fablicos espec\u00edficos,\ncomo las bancarias, de mudanzas, construcci\u00f3n, medicina, tr\u00e1fico y mucho m\u00e1s. <\/p>\n\n\n\n<p>Quienes se dedican al desarrollo y\ndise\u00f1o de apps son personas que aman la tecnolog\u00eda y que buscan de alguna\nmanera conectar con el p\u00fablico para ofrecerle soluci\u00f3n ante una problem\u00e1tica\nante la que ellos mismo han estado y piensan que podr\u00eda estarlo un gran grupo\nde personas. Las aplicaciones m\u00f3viles, sin embargo para que una aplicaci\u00f3n sea\nexitosa y no pase de moda r\u00e1pidamente, deben enfocarse en el p\u00fablico meta y no\nen la necesidad del desarrollador. <\/p>\n\n\n\n<h2 class=\"wp-block-heading\">Caracter\u00edsticas que debe tener una aplicaci\u00f3n rentable <\/h2>\n\n\n\n<p>Si tu objetivo es desarrollar una aplicaci\u00f3n m\u00f3vil que sea constante en el tiempo, que ofrezca soluciones a los usuarios, es importante que tomes en cuenta diferentes aspectos.<\/p>\n\n\n\n<p>La aplicaci\u00f3n adem\u00e1s de contar con\nuna meta espec\u00edfica e ir enfocada a un p\u00fablico en particular, debe contar con\ncaracter\u00edsticas que le permitan calar entre el gusto de los usuarios, algunas\nde estas caracter\u00edsticas son que sea de f\u00e1cil uso, simple, sencilla y que se\ncentre en el usuario, en sus gustos y sus necesidades.<\/p>\n\n\n\n<p>Para esto es importante destacar los\ncuatro aspectos a la hora de desarrollar una aplicaci\u00f3n m\u00f3vil, como pensar como\nel usuario.<\/p>\n\n\n\n<p>Si logras conocer que le gusta, que\nquiere y como lo quiere, podr\u00e1s obtener una mejor usabilidad, que se traduce en\nmayor n\u00famero de descargas y un aumento en la rentabilidad de la misma.<\/p>\n\n\n\n<p>Permite que sean las necesidades del\nusuario las que te gu\u00eden en cada paso del dise\u00f1o, identifica a tu p\u00fablico y\ncrea secciones destacadas para cada perfil de usuario que hayas detectado\npreviamente en el estudio de mercado.<\/p>\n\n\n\n<p>Como seg\u00fan paso humaniza a tus potenciales\nusuarios, recuerda que son m\u00e1s que n\u00fameros en una pantalla, ofrece siempre un\nvalor agregado, sea cual sea el tipo de aplicaci\u00f3n que estas desarrollando. Has\nque cada usuario se sienta part\u00edcipe de una experiencia.<\/p>\n\n\n\n<p>El mercadeo es pieza clave. Analiza\ntodo lo que la aplicaci\u00f3n puede hacer por tus usuarios. Escoge campa\u00f1as\npublicitarias segmentadas en las que puedas proyectar el uso o usos de la\naplicaci\u00f3n, a quien va dirigida, explota al m\u00e1ximo las oportunidades que brinda\nel marketing para lanzar la aplicaci\u00f3n de manera exitosa.<\/p>\n\n\n\n<p>No dejes de revisar la aplicaci\u00f3n\ndespu\u00e9s del lanzamiento, mejora constantemente su uso y utilidad, las\nherramientas que ofrece hasta su aspecto. Crea contenidos interesantes, y sobre\ntodo toma en cuenta la opini\u00f3n de los usuarios para realizar cambios positivos.<\/p>\n\n\n\n<p>Capta constantemente la atenci\u00f3n de\nlos usuarios con peque\u00f1os cambios para que no se aburran. Ofr\u00e9celes nuevas\nherramientas que los hagan sentir satisfechos e incluidos en el crecimiento de\nla app.<\/p>\n\n\n\n<h3 class=\"wp-block-heading\">Empresas de desarrollo en Espa\u00f1a<\/h3>\n\n\n\n<p>Gracias a la gran demanda de desarrolladores en Espa\u00f1a han surgido diferentes empresas de desarrollo. Si tienes una idea para <strong>desarrollar una aplicaci\u00f3n m\u00f3vil<\/strong> y quieres intentarlo, te dejamos el top de las mejores empresas del pa\u00eds para que eval\u00faes tus opciones y contrates a la que m\u00e1s te convenga.<\/p>\n\n\n\n<p>Vanadis &nbsp;esta empresa de desarrollo de aplicaciones \u201ca\nmedida\u201d cuenta con m\u00e1s de 10 a\u00f1os de experiencia en el mercado.<\/p>\n\n\n\n<p>Cuentan con servicio de consultor\u00eda\ntecnol\u00f3gica en el desarrollo de apps, es una de las empresas pioneras del pa\u00eds.<\/p>\n\n\n\n<p>Neoattack &nbsp;es una empresa de desarrollo de aplicaciones \u201cinnovadora\u201d\ny experta en dise\u00f1o y desarrollo de apps. Es conocida principalmente por\nofrecer servicios de SEO y Social Media, dise\u00f1o de p\u00e1ginas web y marketing\nonline. Ofrecen servicios variados y de calidad.<\/p>\n\n\n\n<p>La empra se basa en premisas espec\u00edficas que incluyen la innovaci\u00f3n, la utilidad, la adaptaci\u00f3n y el seguimiento.<\/p>\n\n\n\n<h2 class=\"wp-block-heading\">Dise\u00f1o de apps<\/h2>\n\n\n\n<p>El disponer del contacto con una empresa capaz de dise\u00f1ar aplicaciones m\u00f3viles hace que se busque \u201cadaptarse a todos los tama\u00f1os\u201d. Se dedican \u00fanicamente al desarrollo de aplicaciones m\u00f3viles, su valor agregado es el de adaptarse a cualquier tipo de pantalla, de Smartphone, tablets u ordenadores.<\/p>\n\n\n\n<p>Abalit ofrece desarrollo de aplicaciones multiplataforma, lo que quiere decir que no programan para Android iOS por separado.<\/p>\n\n\n\n<h3 class=\"wp-block-heading\">Dise\u00f1o de interfaz gr\u00e1fica<\/h3>\n\n\n\n<p>Estamos especializados en desarrollar una interfaz gr\u00e1fica de aplicaciones m\u00f3viles y no podemos dejar de mencionar, por lo que, estamos especializados en consultor\u00eda y dise\u00f1os de aplicaciones para iOS y Android por igual. <\/p>\n\n\n\n<p>Esta empresa destaca por contar con servicios de sistema como ERP\/CRM, Mobile Commerce, creaci\u00f3n de cat\u00e1logos interactivos e implantaci\u00f3n de tecnolog\u00edas espec\u00edficas de aplicaciones para m\u00f3viles.<\/p>\n\n\n\n<h2 class=\"wp-block-heading\">Desarrollo de apps Android<\/h2>\n\n\n\n<p>El mercado para Android es de los m\u00e1s grandes y en nuestra empresa de desarrollo de aplicaciones somos de las pocas que cuentan con personal experto y con experiencia en las principales plataformas m\u00f3viles. <\/p>\n\n\n\n<p>Son especialistas en el desarrollo de\naplicaciones nativas para Android e iOS incluyendo iPad e iPhone. Su objetivo\nprincipal es el de ofrecer a los usuarios un valor agregado con ideas creativas\ne innovadoras.<\/p>\n\n\n\n<p>Ellos se encargan de desarrollar aplicaciones para todo tipo de dispositivos m\u00f3viles inteligentes. <\/p>\n\n\n\n<h2 class=\"wp-block-heading\">Desarrollo de Apps iOS<\/h2>\n\n\n\n<p>Esta empresa forma parte del equipo\nde trabajo de Apple y Android, de manera oficial, el respaldo de estas dos\ngrandes empresas le da el soporte que necesita para que les conf\u00edes tu\nproyecto, \u00bfo no?<\/p>\n\n\n\n<p>Cuenta con gran aceptaci\u00f3n y amplia trayectoria en Espa\u00f1a. Se encarga de desarrollar aplicaciones adaptada a las necesidades de cada cliente, ofrece un servicio personalizado que les permite conocer a detalle cada uno de los objetivos de la aplicaci\u00f3n o proyecto a desarrollar. <\/p>\n\n\n\n<h2 class=\"wp-block-heading\">Desarrolladores de aplicaciones m\u00f3viles<\/h2>\n\n\n\n<p>Nuestra una empresa que desarrolla aplicaciones de todo tipo, siendo las principales las nativas y las h\u00edbridas y multiplataformas, lo que la convierte en tu primera opci\u00f3n si es eso&nbsp; lo que m\u00e1s se adapta a ti.<\/p>\n\n\n\n<p>Se decantan por proyectos que puedan\nconsolidarse a largo plazo, brind\u00e1ndoles eficiencia y funcionalidad.<\/p>\n","protected":false},"excerpt":{"rendered":"<p>El desarrollo y dise\u00f1o de aplicaciones m\u00f3viles es una tendencia que va en crecimiento, Google&#8230;<\/p>\n","protected":false},"author":1,"featured_media":0,"parent":0,"menu_order":0,"comment_status":"closed","ping_status":"closed","template":"","meta":{"footnotes":""},"yoast_head":"<!-- This site is optimized with the Yoast SEO plugin v21.2 - https:\/\/yoast.com\/wordpress\/plugins\/seo\/ -->\n<title>Desarrollo de Apps movil Android y iOS | Legox<\/title>\n<meta name=\"robots\" content=\"index, follow, max-snippet:-1, max-image-preview:large, max-video-preview:-1\" \/>\n<link rel=\"canonical\" href=\"http:\/\/www.legox.com\/es\/desarrollo-de-apps-movil\/\" \/>\n<meta property=\"og:locale\" content=\"es_ES\" \/>\n<meta property=\"og:type\" content=\"article\" \/>\n<meta property=\"og:title\" content=\"Desarrollo de Apps movil Android y iOS | Legox\" \/>\n<meta property=\"og:description\" content=\"El desarrollo y dise\u00f1o de aplicaciones m\u00f3viles es una tendencia que va en crecimiento, Google...\" \/>\n<meta property=\"og:url\" content=\"http:\/\/www.legox.com\/es\/desarrollo-de-apps-movil\/\" \/>\n<meta property=\"og:site_name\" content=\"Legox\" \/>\n<meta property=\"article:modified_time\" content=\"2020-04-04T12:52:15+00:00\" \/>\n<meta name=\"twitter:card\" content=\"summary_large_image\" \/>\n<meta name=\"twitter:label1\" content=\"Tiempo de lectura\" \/>\n\t<meta name=\"twitter:data1\" content=\"6 minutos\" \/>\n<script type=\"application\/ld+json\" class=\"yoast-schema-graph\">{\"@context\":\"https:\/\/schema.org\",\"@graph\":[{\"@type\":\"WebPage\",\"@id\":\"http:\/\/www.legox.com\/es\/desarrollo-de-apps-movil\/\",\"url\":\"http:\/\/www.legox.com\/es\/desarrollo-de-apps-movil\/\",\"name\":\"Desarrollo de Apps movil Android y iOS | Legox\",\"isPartOf\":{\"@id\":\"https:\/\/www.legox.com\/es\/#website\"},\"datePublished\":\"2020-04-04T12:48:26+00:00\",\"dateModified\":\"2020-04-04T12:52:15+00:00\",\"breadcrumb\":{\"@id\":\"http:\/\/www.legox.com\/es\/desarrollo-de-apps-movil\/#breadcrumb\"},\"inLanguage\":\"es\",\"potentialAction\":[{\"@type\":\"ReadAction\",\"target\":[\"http:\/\/www.legox.com\/es\/desarrollo-de-apps-movil\/\"]}]},{\"@type\":\"BreadcrumbList\",\"@id\":\"http:\/\/www.legox.com\/es\/desarrollo-de-apps-movil\/#breadcrumb\",\"itemListElement\":[{\"@type\":\"ListItem\",\"position\":1,\"name\":\"Portada\",\"item\":\"https:\/\/www.legox.com\/es\/\"},{\"@type\":\"ListItem\",\"position\":2,\"name\":\"Desarrollo de Apps m\u00f3vil\"}]},{\"@type\":\"WebSite\",\"@id\":\"https:\/\/www.legox.com\/es\/#website\",\"url\":\"https:\/\/www.legox.com\/es\/\",\"name\":\"Legox\",\"description\":\"\",\"potentialAction\":[{\"@type\":\"SearchAction\",\"target\":{\"@type\":\"EntryPoint\",\"urlTemplate\":\"https:\/\/www.legox.com\/es\/?s={search_term_string}\"},\"query-input\":\"required name=search_term_string\"}],\"inLanguage\":\"es\"}]}<\/script>\n<!-- \/ Yoast SEO plugin. -->","yoast_head_json":{"title":"Desarrollo de Apps movil Android y iOS | Legox","robots":{"index":"index","follow":"follow","max-snippet":"max-snippet:-1","max-image-preview":"max-image-preview:large","max-video-preview":"max-video-preview:-1"},"canonical":"http:\/\/www.legox.com\/es\/desarrollo-de-apps-movil\/","og_locale":"es_ES","og_type":"article","og_title":"Desarrollo de Apps movil Android y iOS | Legox","og_description":"El desarrollo y dise\u00f1o de aplicaciones m\u00f3viles es una tendencia que va en crecimiento, Google...","og_url":"http:\/\/www.legox.com\/es\/desarrollo-de-apps-movil\/","og_site_name":"Legox","article_modified_time":"2020-04-04T12:52:15+00:00","twitter_card":"summary_large_image","twitter_misc":{"Tiempo de lectura":"6 minutos"},"schema":{"@context":"https:\/\/schema.org","@graph":[{"@type":"WebPage","@id":"http:\/\/www.legox.com\/es\/desarrollo-de-apps-movil\/","url":"http:\/\/www.legox.com\/es\/desarrollo-de-apps-movil\/","name":"Desarrollo de Apps movil Android y iOS | Legox","isPartOf":{"@id":"https:\/\/www.legox.com\/es\/#website"},"datePublished":"2020-04-04T12:48:26+00:00","dateModified":"2020-04-04T12:52:15+00:00","breadcrumb":{"@id":"http:\/\/www.legox.com\/es\/desarrollo-de-apps-movil\/#breadcrumb"},"inLanguage":"es","potentialAction":[{"@type":"ReadAction","target":["http:\/\/www.legox.com\/es\/desarrollo-de-apps-movil\/"]}]},{"@type":"BreadcrumbList","@id":"http:\/\/www.legox.com\/es\/desarrollo-de-apps-movil\/#breadcrumb","itemListElement":[{"@type":"ListItem","position":1,"name":"Portada","item":"https:\/\/www.legox.com\/es\/"},{"@type":"ListItem","position":2,"name":"Desarrollo de Apps m\u00f3vil"}]},{"@type":"WebSite","@id":"https:\/\/www.legox.com\/es\/#website","url":"https:\/\/www.legox.com\/es\/","name":"Legox","description":"","potentialAction":[{"@type":"SearchAction","target":{"@type":"EntryPoint","urlTemplate":"https:\/\/www.legox.com\/es\/?s={search_term_string}"},"query-input":"required name=search_term_string"}],"inLanguage":"es"}]}},"_links":{"self":[{"href":"http:\/\/www.legox.com\/es\/wp-json\/wp\/v2\/pages\/18"}],"collection":[{"href":"http:\/\/www.legox.com\/es\/wp-json\/wp\/v2\/pages"}],"about":[{"href":"http:\/\/www.legox.com\/es\/wp-json\/wp\/v2\/types\/page"}],"author":[{"embeddable":true,"href":"http:\/\/www.legox.com\/es\/wp-json\/wp\/v2\/users\/1"}],"replies":[{"embeddable":true,"href":"http:\/\/www.legox.com\/es\/wp-json\/wp\/v2\/comments?post=18"}],"version-history":[{"count":0,"href":"http:\/\/www.legox.com\/es\/wp-json\/wp\/v2\/pages\/18\/revisions"}],"wp:attachment":[{"href":"http:\/\/www.legox.com\/es\/wp-json\/wp\/v2\/media?parent=18"}],"curies":[{"name":"wp","href":"https:\/\/api.w.org\/{rel}","templated":true}]}}